{"id":117,"date":"2018-02-25T14:51:14","date_gmt":"2018-02-25T13:51:14","guid":{"rendered":"http:\/\/pension-wienerstubn.at\/pension\/?page_id=117"},"modified":"2019-05-12T16:34:59","modified_gmt":"2019-05-12T14:34:59","slug":"impressum","status":"publish","type":"page","link":"https:\/\/pension-wienerstubn.at\/pension\/de\/impressum\/","title":{"rendered":"Impressum"},"content":{"rendered":"<p>Pension Wienerstub&#8217;n<br \/>Inhaber des Unternehmens: Schwertf\u00fchrer Cornelia<br \/>Weilburgstra\u00dfe 19<br \/>2500 Baden<br \/>\u00d6sterreich<br \/>Email: <a href=\"mailto:info@pension-wienerstubn.at\">info@pension-wienerstubn.at<\/a><br \/>Telefon: +43225248102<br \/>Umsatzsteuer-Identifikationsnummer: 61126123<br \/>Gerichtsstand: Landesgericht Wiener Neustadt<\/p>\n<p>Verantwortlich f\u00fcr den Inhalt: Schwertf\u00fchrer Christian<\/p>\n\n<p><a href=\"https:\/\/firmen.wko.at\/Web\/DetailsKontakt.aspx?FirmaID=00d524dc-9eef-4519-97d8-5a1dc0d02539&amp;StandortID=0&amp;Suchbegriff=pension+wienerstub%27n&amp;Page=1#\" target=\"_blank\" rel=\"noopener noreferrer\">Mietglied der WK\u00d6 Fachgruppe Hotellerie<\/a><\/p>\n<p>Gewerbeordnung:<a href=\"https:\/\/www.ris.bka.gv.at\/\" target=\"_blank\" rel=\"noopener noreferrer\">\u00a0www.ris.bka.gv.at<\/a><\/p>\n<p>Bezirkshauptmannschaft Baden,<\/p>\n<p>Konzessionierter Betrieb<\/p>\n<p>Konzessionspr\u00fcfung abgelegt in \u00d6sterreich<\/p>\n<p><a href=\"http:\/\/pension-wienerstubn.at\/pension\/wp-content\/uploads\/2016\/11\/agbh.pdf\">Allgemeine Gesch\u00e4ftsbedingungen f\u00fcr die Hotellerie 2006 (PDF-Datei 45KB)<\/a><\/p>\n<p>&nbsp;<\/p>\n<h2>RECHTLICHES<\/h2>\n<p>Der Inhalt dieser Website ist urheberrechtlich gesch\u00fctzt. Die Bereitstellung von Inhalten und Bildmaterial dieser Website auf anderen Websites ist nur mit ausdr\u00fccklicher Genehmigung der Redaktion gestattet.<\/p>\n<p>Die auf der Website enthaltenen Angaben werden nach bestem Wissen erstellt und mit gro\u00dfer Sorgfalt auf Ihre Richtigkeit \u00fcberpr\u00fcft. Trotzdem sind inhaltliche und sachliche Fehler nicht vollst\u00e4ndig auszuschlie\u00dfen und die Angaben daher ohne Gew\u00e4hr. Dies gilt auch f\u00fcr alle Links zu externen Seiten, die auf unserer Website genannt werden.<\/p>\n<p>Trotz sorgf\u00e4ltiger inhaltlicher Kontrolle \u00fcbernehmen wir keine Haftung f\u00fcr die Inhalte externer Links. F\u00fcr den Inhalt der verlinkten Seiten sind ausschlie\u00dflich deren Betreiber verantwortlich.<\/p>\n","protected":false},"excerpt":{"rendered":"<p>Mietglied der WK\u00d6 Fachgruppe Hotellerie Gewerbeordnung:\u00a0www.ris.bka.gv.at Bezirkshauptmannschaft Baden, Konzessionierter Betrieb Konzessionspr\u00fcfung abgelegt in \u00d6sterreich Allgemeine Gesch\u00e4ftsbedingungen f\u00fcr die Hotellerie 2006 (PDF-Datei 45KB) &nbsp; RECHTLICHES Der Inhalt dieser Website ist urheberrechtlich gesch\u00fctzt. Die Bereitstellung von Inhalten und Bildmaterial dieser Website auf anderen Websites ist nur mit ausdr\u00fccklicher Genehmigung der Redaktion gestattet. Die auf der Website enthaltenen &hellip; <a href=\"https:\/\/pension-wienerstubn.at\/pension\/de\/impressum\/\" class=\"more-link\"><span class=\"screen-reader-text\">Impressum<\/span> weiterlesen <span class=\"meta-nav\">&rarr;<\/span><\/a><\/p>\n","protected":false},"author":1,"featured_media":0,"parent":0,"menu_order":0,"comment_status":"closed","ping_status":"closed","template":"","meta":{"footnotes":""},"class_list":["post-117","page","type-page","status-publish","hentry"],"_links":{"self":[{"href":"https:\/\/pension-wienerstubn.at\/pension\/wp-json\/wp\/v2\/pages\/117","targetHints":{"allow":["GET"]}}],"collection":[{"href":"https:\/\/pension-wienerstubn.at\/pension\/wp-json\/wp\/v2\/pages"}],"about":[{"href":"https:\/\/pension-wienerstubn.at\/pension\/wp-json\/wp\/v2\/types\/page"}],"author":[{"embeddable":true,"href":"https:\/\/pension-wienerstubn.at\/pension\/wp-json\/wp\/v2\/users\/1"}],"replies":[{"embeddable":true,"href":"https:\/\/pension-wienerstubn.at\/pension\/wp-json\/wp\/v2\/comments?post=117"}],"version-history":[{"count":8,"href":"https:\/\/pension-wienerstubn.at\/pension\/wp-json\/wp\/v2\/pages\/117\/revisions"}],"predecessor-version":[{"id":439,"href":"https:\/\/pension-wienerstubn.at\/pension\/wp-json\/wp\/v2\/pages\/117\/revisions\/439"}],"wp:attachment":[{"href":"https:\/\/pension-wienerstubn.at\/pension\/wp-json\/wp\/v2\/media?parent=117"}],"curies":[{"name":"wp","href":"https:\/\/api.w.org\/{rel}","templated":true}]}}