{"id":59,"date":"2016-12-17T16:32:20","date_gmt":"2016-12-17T15:32:20","guid":{"rendered":"http:\/\/pension-wienerstubn.at\/pension\/?page_id=59"},"modified":"2025-08-21T10:57:16","modified_gmt":"2025-08-21T08:57:16","slug":"directions","status":"publish","type":"page","link":"https:\/\/pension-wienerstubn.at\/pension\/en\/directions\/","title":{"rendered":"Directions"},"content":{"rendered":"<h3>address Guesthouse:<\/h3>\n<blockquote><p>Pension Wienerstub&#8217;n<br \/>\nWeilburgstra\u00dfe 19<br \/>\n2500 Baden near Vienna<br \/>\nAustria<\/p><\/blockquote>\n<p><iframe loading=\"lazy\" style=\"border: 0;\" src=\"https:\/\/www.google.com\/maps\/embed?pb=!1m18!1m12!1m3!1d2669.439975048151!2d16.224373615644343!3d48.005209079213074!2m3!1f0!2f0!3f0!3m2!1i1024!2i768!4f13.1!3m3!1m2!1s0x476db08a576fe5ef%3A0x533ea4a95e980775!2sPension+Wienerstub'n!5e0!3m2!1sde!2sat!4v1481987809450\" width=\"600\" height=\"450\" frameborder=\"0\" allowfullscreen=\"allowfullscreen\"><\/iframe><\/p>\n<hr \/>\n<h3>by train:<\/h3>\n<ul>\n<li>\u00d6BB S\u00fcdbahn &#8211; stop &#8222;Baden bei Wien&#8220; &#8211; <a href=\"http:\/\/fahrplan.oebb.at\/bin\/query.exe\/en\" target=\"_blank\" rel=\"noopener noreferrer\">timetable<\/a><\/li>\n<li>WLB Badener Bahn &#8211; stop &#8222;Josefsplatz&#8220; &#8211; <a href=\"https:\/\/route.wlb.at\/\" target=\"_blank\" rel=\"noopener noreferrer\">timetable<\/a><\/li>\n<\/ul>\n<hr \/>\n<h3>by Bus:<\/h3>\n<ul>\n<li>Badener Citybus &#8211; stop &#8222;Baden bei Wien Pelzgasse&#8220;<\/li>\n<\/ul>\n<hr \/>\n<h3>by car:<\/h3>\n<ul>\n<li>Via the western motorway A1 switch to A 21 (Viennese outer ring motorway), Alland exit, through Helenental valley to Baden.<\/li>\n<li>Via the southern motorway A2, take the Baden exit.<\/li>\n<\/ul>\n<hr \/>\n<h3>by airplane:<\/h3>\n<ul>\n<li><a href=\"http:\/\/www.viennaairport.com\/en\/passengers\" target=\"_blank\" rel=\"noopener noreferrer\">VIE &#8211; Internation Airport Vienna<\/a> and continue by train , bus or car.<\/li>\n<li>With your own airplane: <a href=\"http:\/\/www.loav.at\/\" target=\"_blank\" rel=\"noopener noreferrer\">Bad V\u00f6slau-Kottingbrunn airfield<\/a>, with customs and passport service.<\/li>\n<\/ul>\n<hr \/>\n<hr \/>\n<h3>location and weather of Baden near Vienna:<\/h3>\n<ul>\n<li><a href=\"http:\/\/www.accuweather.com\/gb\/at\/baden\/22912\/weather-forecast\/22912\" target=\"_blank\" rel=\"noopener noreferrer\">Daily and Weekly Weahter<\/a><\/li>\n<\/ul>\n<p>printable city map of <a href=\"http:\/\/pension-wienerstubn.at\/pension\/wp-content\/uploads\/2016\/12\/Baden-gesamt-Plan.pdf\" target=\"_blank\" rel=\"noopener noreferrer\">Baden near Vienna (pdf-file1MB)<\/a><\/p>\n<p>Baden is 30 km south of Vienna and 45 km from the international Vienna-Schwechat airport.<\/p>\n<p>You are in<\/p>\n<p>20 min. in Vienna, in<br \/>\n45 min. at the Neusiedler Lake, in<br \/>\n60 min. at the Semmering, Rax and Schneeberg and in<br \/>\n60 min. in Hungary.<\/p>\n<figure id=\"attachment_313\" aria-describedby=\"caption-attachment-313\" style=\"width: 248px\" class=\"wp-caption alignnone\"><img loading=\"lazy\" decoding=\"async\" class=\"size-full wp-image-313\" src=\"https:\/\/pension-wienerstubn.at\/pension\/wp-content\/uploads\/2016\/12\/Niederoesterreichkarte.png\" alt=\"Map of Lower Austria\" width=\"248\" height=\"221\" \/><figcaption id=\"caption-attachment-313\" class=\"wp-caption-text\">Detailed map of Lower Austria with location of Baden<\/figcaption><\/figure>\n<figure id=\"attachment_312\" aria-describedby=\"caption-attachment-312\" style=\"width: 300px\" class=\"wp-caption alignnone\"><img loading=\"lazy\" decoding=\"async\" class=\"size-medium wp-image-312\" src=\"https:\/\/pension-wienerstubn.at\/pension\/wp-content\/uploads\/2016\/12\/Oesterreichkarte_gross-300x148.png\" alt=\"Location of Baden on the Austria map\" width=\"300\" height=\"148\" srcset=\"https:\/\/pension-wienerstubn.at\/pension\/wp-content\/uploads\/2016\/12\/Oesterreichkarte_gross-300x148.png 300w, https:\/\/pension-wienerstubn.at\/pension\/wp-content\/uploads\/2016\/12\/Oesterreichkarte_gross.png 746w\" sizes=\"auto, (max-width: 300px) 100vw, 300px\" \/><figcaption id=\"caption-attachment-312\" class=\"wp-caption-text\">Location of Baden on the Austria map<\/figcaption><\/figure>\n","protected":false},"excerpt":{"rendered":"<p>address Guesthouse: Pension Wienerstub&#8217;n Weilburgstra\u00dfe 19 2500 Baden near Vienna Austria by train: \u00d6BB S\u00fcdbahn &#8211; stop &#8222;Baden bei Wien&#8220; &#8211; timetable WLB Badener Bahn &#8211; stop &#8222;Josefsplatz&#8220; &#8211; timetable by Bus: Badener Citybus &#8211; stop &#8222;Baden bei Wien Pelzgasse&#8220; by car: Via the western motorway A1 switch to A 21 (Viennese outer ring motorway), &hellip; <a href=\"https:\/\/pension-wienerstubn.at\/pension\/en\/directions\/\" class=\"more-link\"><span class=\"screen-reader-text\">Directions<\/span> weiterlesen <span class=\"meta-nav\">&rarr;<\/span><\/a><\/p>\n","protected":false},"author":1,"featured_media":0,"parent":0,"menu_order":0,"comment_status":"closed","ping_status":"closed","template":"","meta":{"footnotes":""},"class_list":["post-59","page","type-page","status-publish","hentry"],"_links":{"self":[{"href":"https:\/\/pension-wienerstubn.at\/pension\/wp-json\/wp\/v2\/pages\/59","targetHints":{"allow":["GET"]}}],"collection":[{"href":"https:\/\/pension-wienerstubn.at\/pension\/wp-json\/wp\/v2\/pages"}],"about":[{"href":"https:\/\/pension-wienerstubn.at\/pension\/wp-json\/wp\/v2\/types\/page"}],"author":[{"embeddable":true,"href":"https:\/\/pension-wienerstubn.at\/pension\/wp-json\/wp\/v2\/users\/1"}],"replies":[{"embeddable":true,"href":"https:\/\/pension-wienerstubn.at\/pension\/wp-json\/wp\/v2\/comments?post=59"}],"version-history":[{"count":13,"href":"https:\/\/pension-wienerstubn.at\/pension\/wp-json\/wp\/v2\/pages\/59\/revisions"}],"predecessor-version":[{"id":603,"href":"https:\/\/pension-wienerstubn.at\/pension\/wp-json\/wp\/v2\/pages\/59\/revisions\/603"}],"wp:attachment":[{"href":"https:\/\/pension-wienerstubn.at\/pension\/wp-json\/wp\/v2\/media?parent=59"}],"curies":[{"name":"wp","href":"https:\/\/api.w.org\/{rel}","templated":true}]}}